{"id":27,"date":"2014-03-13T16:09:55","date_gmt":"2014-03-13T16:09:55","guid":{"rendered":"http:\/\/zspawlow.ibip.info\/?page_id=27"},"modified":"2025-05-13T10:36:56","modified_gmt":"2025-05-13T08:36:56","slug":"start","status":"publish","type":"page","link":"https:\/\/zspawlow.ibip.info\/","title":{"rendered":"Start"},"content":{"rendered":"<p><a href=\"http:\/\/bip.gov.pl\"><img loading=\"lazy\" class=\"size-medium wp-image-111 aligncenter\" title=\"bip.gov.pl\" src=\"http:\/\/zspawlow.ibip.info\/wp-content\/uploads\/2014\/01\/bip_logo_pomn1_grad-300x106.jpg\" alt=\"bip.gov.pl\" width=\"300\" height=\"106\" srcset=\"https:\/\/zspawlow.ibip.info\/wp-content\/uploads\/2014\/01\/bip_logo_pomn1_grad-300x106.jpg 300w, https:\/\/zspawlow.ibip.info\/wp-content\/uploads\/2014\/01\/bip_logo_pomn1_grad-1024x363.jpg 1024w, https:\/\/zspawlow.ibip.info\/wp-content\/uploads\/2014\/01\/bip_logo_pomn1_grad.jpg 1095w\" sizes=\"(max-width: 300px) 100vw, 300px\" \/><\/a><\/p>\n<p style=\"text-align: center;\"><strong>Publiczna Szko\u0142a Podstawowa im. Jana Paw\u0142a II w Paw\u0142owie<\/strong><br \/>\nPaw\u0142\u00f3w 89, 27-225 Paw\u0142\u00f3w<br \/>\ntel. 41 272 16 23<br \/>\npsppawlow.edupage.org<br \/>\ne-mail: zspawlow@gmina-pawlow.pl<\/p>\n","protected":false},"excerpt":{"rendered":"<p>Publiczna Szko\u0142a Podstawowa im. Jana Paw\u0142a II w Paw\u0142owie Paw\u0142\u00f3w 89, 27-225 Paw\u0142\u00f3w tel. 41 272 16 23 psppawlow.edupage.org e-mail: zspawlow@gmina-pawlow.pl<\/p>\n","protected":false},"author":2,"featured_media":0,"parent":0,"menu_order":0,"comment_status":"closed","ping_status":"open","template":"","meta":[],"publishpress_future_action":{"enabled":false,"date":"2026-05-08 13:12:12","action":"draft","terms":[],"taxonomy":""},"_links":{"self":[{"href":"https:\/\/zspawlow.ibip.info\/index.php?rest_route=\/wp\/v2\/pages\/27"}],"collection":[{"href":"https:\/\/zspawlow.ibip.info\/index.php?rest_route=\/wp\/v2\/pages"}],"about":[{"href":"https:\/\/zspawlow.ibip.info\/index.php?rest_route=\/wp\/v2\/types\/page"}],"author":[{"embeddable":true,"href":"https:\/\/zspawlow.ibip.info\/index.php?rest_route=\/wp\/v2\/users\/2"}],"replies":[{"embeddable":true,"href":"https:\/\/zspawlow.ibip.info\/index.php?rest_route=%2Fwp%2Fv2%2Fcomments&post=27"}],"version-history":[{"count":6,"href":"https:\/\/zspawlow.ibip.info\/index.php?rest_route=\/wp\/v2\/pages\/27\/revisions"}],"predecessor-version":[{"id":511,"href":"https:\/\/zspawlow.ibip.info\/index.php?rest_route=\/wp\/v2\/pages\/27\/revisions\/511"}],"wp:attachment":[{"href":"https:\/\/zspawlow.ibip.info\/index.php?rest_route=%2Fwp%2Fv2%2Fmedia&parent=27"}],"curies":[{"name":"wp","href":"https:\/\/api.w.org\/{rel}","templated":true}]}}